{"id":362,"date":"2021-09-06T08:30:18","date_gmt":"2021-09-06T08:30:18","guid":{"rendered":"https:\/\/itbusiness.liquid-themes.com\/elementor\/?page_id=362"},"modified":"2025-06-06T22:30:35","modified_gmt":"2025-06-06T22:30:35","slug":"blog","status":"publish","type":"page","link":"https:\/\/americanfinancialgroup.desarrollo.olimpo.tech\/es\/blog\/","title":{"rendered":"Blog"},"content":{"rendered":"\t\t<div data-elementor-type=\"wp-page\" data-elementor-id=\"362\" class=\"elementor elementor-362\">\n\t\t\t\t<div class=\"elementor-element elementor-element-56b8362 e-con-full e-flex e-con e-parent\" data-id=\"56b8362\" data-element_type=\"container\" data-settings=\"{&quot;background_background&quot;:&quot;classic&quot;}\">\n\t\t\t\t<div class=\"elementor-element elementor-element-f960197 elementor-widget elementor-widget-heading\" data-id=\"f960197\" data-element_type=\"widget\" data-widget_type=\"heading.default\">\n\t\t\t\t<div class=\"elementor-widget-container\">\n\t\t\t\t\t<h2 class=\"elementor-heading-title elementor-size-default\">Su alternativa a las soluciones bancarias<\/h2>\t\t\t\t<\/div>\n\t\t\t\t<\/div>\n\t\t\t\t<\/div>\n\t\t\t\t<section class=\"elementor-section elementor-top-section elementor-element elementor-element-b06bc5e elementor-section-boxed elementor-section-height-default elementor-section-height-default\" data-id=\"b06bc5e\" data-element_type=\"section\" data-settings=\"{&quot;background_background&quot;:&quot;classic&quot;}\">\n\t\t\t\t\t\t<div class=\"elementor-container elementor-column-gap-default\">\n\t\t\t\t\t<div class=\"elementor-column elementor-col-100 elementor-top-column elementor-element elementor-element-3d01603\" data-id=\"3d01603\" data-element_type=\"column\">\n\t\t\t<div class=\"elementor-widget-wrap elementor-element-populated\">\n\t\t\t\t\t\t<div class=\"elementor-element elementor-element-a3c3b3e elementor-widget elementor-widget-ld_blog\" data-id=\"a3c3b3e\" data-element_type=\"widget\" data-widget_type=\"ld_blog.default\">\n\t\t\t\t<div class=\"elementor-widget-container\">\n\t\t\t\t\t<div class=\"lqd-lp-grid a3c3b3e blog-id-171719486 \"><div class=\"lqd-lp-row row pos-rel d-flex flex-wrap\" ><div class=\"lqd-lp-column d-flex flex-column col-md-6 col-sm-6 uncategorized\"><article id=\"post-3124\" class=\"lqd-lp pos-rel lqd-lp lqd-lp-style-13 lqd-lp-title-highlight text-start post-3124 post type-post status-publish format-standard has-post-thumbnail hentry category-uncategorized\">\n\n<div class=\"lqd-lp-img pos-rel mb-4\">\n\n\t<figure class=\"pos-rel overflow-hidden\"><img fetchpriority=\"high\" decoding=\"async\" width=\"480\" height=\"300\" src=\"https:\/\/americanfinancialgroup.desarrollo.olimpo.tech\/wp-content\/uploads\/2025\/06\/1-480x300.jpg\" class=\"w-100 wp-post-image\" alt=\"\" itemprop=\"image\" \/><\/figure>\n\t<div class=\"lqd-lp-meta lqd-lp-meta-solid pos-abs pos-bl pos-b-l d-flex align-items-center p-0 no-padding\">\n\n\t\t<time class=\"lqd-lp-date pt-2 pb-2 ps-3 pe-3 px-3\" datetime=\"2025-06-07T20:13:41+00:00\">10 meses ago<\/time>\n\t\t\t\t\n\t\t<span class=\"screen-reader-text\">Tags <\/span><ul class=\"lqd-lp-cat reset-ul inline-ul pos-rel z-index-3 pt-2 pb-2\"><li><a href=\"https:\/\/americanfinancialgroup.desarrollo.olimpo.tech\/category\/uncategorized\/\" rel=\"category\">Uncategorized<\/a><\/li><\/ul>\n\t<\/div>\n\n<\/div>\n\n<header class=\"lqd-lp-header mb-2\">\n\t<h2 class=\"entry-title lqd-lp-title m-0 h5\"><a  href=\"https:\/\/americanfinancialgroup.desarrollo.olimpo.tech\/es\/como-mejorar-tu-actividad-pesquera\/\" rel=\"bookmark\">\u00bfC\u00f3mo mejorar tu actividad pesquera?<\/a><\/h2><\/header>\n\n\t\t\t<div class=\"lqd-lp-excerpt\">\n\t\t\t\tLa sostenibilidad es el camino. Sin embargo, en esta y en todas las industrias, la\t\t\t<\/div>\n\t\t\n<footer class=\"lqd-lp-footer pos-rel z-index-3 mt-3\">\n\t<a href=\"https:\/\/americanfinancialgroup.desarrollo.olimpo.tech\/es\/como-mejorar-tu-actividad-pesquera\/\" class=\"btn btn-naked btn-hover-swp\">\n\t\t<span class=\"btn-txt\">read more<\/span>\n\t\t<span class=\"btn-icon\">\n\t\t\t<svg xmlns=\"http:\/\/www.w3.org\/2000\/svg\" width=\"32\" height=\"32\" viewBox=\"0 0 32 32\" style=\"height: 1em;\"><path fill=\"currentColor\" d=\"M17.806 25.788l8.631-8.375c.375-.363.563-.857.563-1.4v-.025c0-.544-.188-1.038-.563-1.4l-8.63-8.375c-.75-.782-1.957-.782-2.7 0s-.745 2.043 0 2.825L20.293 14H6.919C5.856 14 5 14.894 5 16c0 1.125.856 2 1.912 2h13.375L15.1 22.963a2.067 2.067 0 0 0 0 2.824c.75.782 1.956.782 2.706 0z\"><\/path><\/svg>\n\t\t<\/span>\n\t\t<span class=\"btn-icon\">\n\t\t\t<svg xmlns=\"http:\/\/www.w3.org\/2000\/svg\" width=\"32\" height=\"32\" viewBox=\"0 0 32 32\" style=\"height: 1em;\"><path fill=\"currentColor\" d=\"M17.806 25.788l8.631-8.375c.375-.363.563-.857.563-1.4v-.025c0-.544-.188-1.038-.563-1.4l-8.63-8.375c-.75-.782-1.957-.782-2.7 0s-.745 2.043 0 2.825L20.293 14H6.919C5.856 14 5 14.894 5 16c0 1.125.856 2 1.912 2h13.375L15.1 22.963a2.067 2.067 0 0 0 0 2.824c.75.782 1.956.782 2.706 0z\"><\/path><\/svg>\n\t\t<\/span>\n\t<\/a>\n<\/footer>\n\n<a  href=\"https:\/\/americanfinancialgroup.desarrollo.olimpo.tech\/es\/como-mejorar-tu-actividad-pesquera\/\" class=\"lqd-lp-overlay-link lqd-overlay lqd-cc-label-trigger z-index-2\" tab-index=\"-1\"><\/a><\/article><\/div><div class=\"lqd-lp-column d-flex flex-column col-md-6 col-sm-6 uncategorized\"><article id=\"post-3132\" class=\"lqd-lp pos-rel lqd-lp lqd-lp-style-13 lqd-lp-title-highlight text-start post-3132 post type-post status-publish format-standard has-post-thumbnail hentry category-uncategorized\">\n\n<div class=\"lqd-lp-img pos-rel mb-4\">\n\n\t<figure class=\"pos-rel overflow-hidden\"><img decoding=\"async\" width=\"480\" height=\"300\" src=\"data:image\/svg+xml;charset=utf-8,%3Csvg xmlns%3D&#039;http%3A%2F%2Fwww.w3.org%2F2000%2Fsvg&#039; viewBox%3D&#039;0 0 480 300&#039;%2F%3E\" class=\"w-100 ld-lazyload wp-post-image\" alt=\"\" itemprop=\"image\" data-src=\"https:\/\/americanfinancialgroup.desarrollo.olimpo.tech\/wp-content\/uploads\/2025\/06\/44444-1024x675-1-480x300.jpeg\" data-aspect=\"1.6\" \/><\/figure>\n\t<div class=\"lqd-lp-meta lqd-lp-meta-solid pos-abs pos-bl pos-b-l d-flex align-items-center p-0 no-padding\">\n\n\t\t<time class=\"lqd-lp-date pt-2 pb-2 ps-3 pe-3 px-3\" datetime=\"2025-06-07T20:12:46+00:00\">10 meses ago<\/time>\n\t\t\t\t\n\t\t<span class=\"screen-reader-text\">Tags <\/span><ul class=\"lqd-lp-cat reset-ul inline-ul pos-rel z-index-3 pt-2 pb-2\"><li><a href=\"https:\/\/americanfinancialgroup.desarrollo.olimpo.tech\/category\/uncategorized\/\" rel=\"category\">Uncategorized<\/a><\/li><\/ul>\n\t<\/div>\n\n<\/div>\n\n<header class=\"lqd-lp-header mb-2\">\n\t<h2 class=\"entry-title lqd-lp-title m-0 h5\"><a  href=\"https:\/\/americanfinancialgroup.desarrollo.olimpo.tech\/es\/las-exportaciones-mas-importantes-de-colombia\/\" rel=\"bookmark\">Las exportaciones m\u00e1s importantes de Colombia<\/a><\/h2><\/header>\n\n\t\t\t<div class=\"lqd-lp-excerpt\">\n\t\t\t\tEl petr\u00f3leo crudo, el caf\u00e9, el oro y las flores son algunos de los productos\t\t\t<\/div>\n\t\t\n<footer class=\"lqd-lp-footer pos-rel z-index-3 mt-3\">\n\t<a href=\"https:\/\/americanfinancialgroup.desarrollo.olimpo.tech\/es\/las-exportaciones-mas-importantes-de-colombia\/\" class=\"btn btn-naked btn-hover-swp\">\n\t\t<span class=\"btn-txt\">read more<\/span>\n\t\t<span class=\"btn-icon\">\n\t\t\t<svg xmlns=\"http:\/\/www.w3.org\/2000\/svg\" width=\"32\" height=\"32\" viewBox=\"0 0 32 32\" style=\"height: 1em;\"><path fill=\"currentColor\" d=\"M17.806 25.788l8.631-8.375c.375-.363.563-.857.563-1.4v-.025c0-.544-.188-1.038-.563-1.4l-8.63-8.375c-.75-.782-1.957-.782-2.7 0s-.745 2.043 0 2.825L20.293 14H6.919C5.856 14 5 14.894 5 16c0 1.125.856 2 1.912 2h13.375L15.1 22.963a2.067 2.067 0 0 0 0 2.824c.75.782 1.956.782 2.706 0z\"><\/path><\/svg>\n\t\t<\/span>\n\t\t<span class=\"btn-icon\">\n\t\t\t<svg xmlns=\"http:\/\/www.w3.org\/2000\/svg\" width=\"32\" height=\"32\" viewBox=\"0 0 32 32\" style=\"height: 1em;\"><path fill=\"currentColor\" d=\"M17.806 25.788l8.631-8.375c.375-.363.563-.857.563-1.4v-.025c0-.544-.188-1.038-.563-1.4l-8.63-8.375c-.75-.782-1.957-.782-2.7 0s-.745 2.043 0 2.825L20.293 14H6.919C5.856 14 5 14.894 5 16c0 1.125.856 2 1.912 2h13.375L15.1 22.963a2.067 2.067 0 0 0 0 2.824c.75.782 1.956.782 2.706 0z\"><\/path><\/svg>\n\t\t<\/span>\n\t<\/a>\n<\/footer>\n\n<a  href=\"https:\/\/americanfinancialgroup.desarrollo.olimpo.tech\/es\/las-exportaciones-mas-importantes-de-colombia\/\" class=\"lqd-lp-overlay-link lqd-overlay lqd-cc-label-trigger z-index-2\" tab-index=\"-1\"><\/a><\/article><\/div><div class=\"lqd-lp-column d-flex flex-column col-md-6 col-sm-6 uncategorized\"><article id=\"post-3135\" class=\"lqd-lp pos-rel lqd-lp lqd-lp-style-13 lqd-lp-title-highlight text-start post-3135 post type-post status-publish format-standard has-post-thumbnail hentry category-uncategorized\">\n\n<div class=\"lqd-lp-img pos-rel mb-4\">\n\n\t<figure class=\"pos-rel overflow-hidden\"><img decoding=\"async\" width=\"480\" height=\"300\" src=\"data:image\/svg+xml;charset=utf-8,%3Csvg xmlns%3D&#039;http%3A%2F%2Fwww.w3.org%2F2000%2Fsvg&#039; viewBox%3D&#039;0 0 480 300&#039;%2F%3E\" class=\"w-100 ld-lazyload wp-post-image\" alt=\"\" itemprop=\"image\" data-src=\"https:\/\/americanfinancialgroup.desarrollo.olimpo.tech\/wp-content\/uploads\/2025\/06\/55555555555555555555555-480x300.webp\" data-aspect=\"1.6\" \/><\/figure>\n\t<div class=\"lqd-lp-meta lqd-lp-meta-solid pos-abs pos-bl pos-b-l d-flex align-items-center p-0 no-padding\">\n\n\t\t<time class=\"lqd-lp-date pt-2 pb-2 ps-3 pe-3 px-3\" datetime=\"2025-06-07T20:11:34+00:00\">10 meses ago<\/time>\n\t\t\t\t\n\t\t<span class=\"screen-reader-text\">Tags <\/span><ul class=\"lqd-lp-cat reset-ul inline-ul pos-rel z-index-3 pt-2 pb-2\"><li><a href=\"https:\/\/americanfinancialgroup.desarrollo.olimpo.tech\/category\/uncategorized\/\" rel=\"category\">Uncategorized<\/a><\/li><\/ul>\n\t<\/div>\n\n<\/div>\n\n<header class=\"lqd-lp-header mb-2\">\n\t<h2 class=\"entry-title lqd-lp-title m-0 h5\"><a  href=\"https:\/\/americanfinancialgroup.desarrollo.olimpo.tech\/es\/consejos-financieros-para-exportar-e-importar\/\" rel=\"bookmark\">Consejos financieros para exportar e importar<\/a><\/h2><\/header>\n\n\t\t\t<div class=\"lqd-lp-excerpt\">\n\t\t\t\tLa creciente globalizaci\u00f3n y, por consiguiente, la interdependencia econ\u00f3mica entre pa\u00edses, mercados e industrias han\t\t\t<\/div>\n\t\t\n<footer class=\"lqd-lp-footer pos-rel z-index-3 mt-3\">\n\t<a href=\"https:\/\/americanfinancialgroup.desarrollo.olimpo.tech\/es\/consejos-financieros-para-exportar-e-importar\/\" class=\"btn btn-naked btn-hover-swp\">\n\t\t<span class=\"btn-txt\">read more<\/span>\n\t\t<span class=\"btn-icon\">\n\t\t\t<svg xmlns=\"http:\/\/www.w3.org\/2000\/svg\" width=\"32\" height=\"32\" viewBox=\"0 0 32 32\" style=\"height: 1em;\"><path fill=\"currentColor\" d=\"M17.806 25.788l8.631-8.375c.375-.363.563-.857.563-1.4v-.025c0-.544-.188-1.038-.563-1.4l-8.63-8.375c-.75-.782-1.957-.782-2.7 0s-.745 2.043 0 2.825L20.293 14H6.919C5.856 14 5 14.894 5 16c0 1.125.856 2 1.912 2h13.375L15.1 22.963a2.067 2.067 0 0 0 0 2.824c.75.782 1.956.782 2.706 0z\"><\/path><\/svg>\n\t\t<\/span>\n\t\t<span class=\"btn-icon\">\n\t\t\t<svg xmlns=\"http:\/\/www.w3.org\/2000\/svg\" width=\"32\" height=\"32\" viewBox=\"0 0 32 32\" style=\"height: 1em;\"><path fill=\"currentColor\" d=\"M17.806 25.788l8.631-8.375c.375-.363.563-.857.563-1.4v-.025c0-.544-.188-1.038-.563-1.4l-8.63-8.375c-.75-.782-1.957-.782-2.7 0s-.745 2.043 0 2.825L20.293 14H6.919C5.856 14 5 14.894 5 16c0 1.125.856 2 1.912 2h13.375L15.1 22.963a2.067 2.067 0 0 0 0 2.824c.75.782 1.956.782 2.706 0z\"><\/path><\/svg>\n\t\t<\/span>\n\t<\/a>\n<\/footer>\n\n<a  href=\"https:\/\/americanfinancialgroup.desarrollo.olimpo.tech\/es\/consejos-financieros-para-exportar-e-importar\/\" class=\"lqd-lp-overlay-link lqd-overlay lqd-cc-label-trigger z-index-2\" tab-index=\"-1\"><\/a><\/article><\/div><div class=\"lqd-lp-column d-flex flex-column col-md-6 col-sm-6 uncategorized\"><article id=\"post-3138\" class=\"lqd-lp pos-rel lqd-lp lqd-lp-style-13 lqd-lp-title-highlight text-start post-3138 post type-post status-publish format-standard has-post-thumbnail hentry category-uncategorized\">\n\n<div class=\"lqd-lp-img pos-rel mb-4\">\n\n\t<figure class=\"pos-rel overflow-hidden\"><img loading=\"lazy\" decoding=\"async\" width=\"480\" height=\"232\" src=\"data:image\/svg+xml;charset=utf-8,%3Csvg xmlns%3D&#039;http%3A%2F%2Fwww.w3.org%2F2000%2Fsvg&#039; viewBox%3D&#039;0 0 480 232&#039;%2F%3E\" class=\"w-100 ld-lazyload wp-post-image\" alt=\"\" itemprop=\"image\" data-src=\"https:\/\/americanfinancialgroup.desarrollo.olimpo.tech\/wp-content\/uploads\/2025\/06\/111111111-1-480x232.jpg\" data-aspect=\"2.0689655172414\" \/><\/figure>\n\t<div class=\"lqd-lp-meta lqd-lp-meta-solid pos-abs pos-bl pos-b-l d-flex align-items-center p-0 no-padding\">\n\n\t\t<time class=\"lqd-lp-date pt-2 pb-2 ps-3 pe-3 px-3\" datetime=\"2025-06-07T20:10:39+00:00\">10 meses ago<\/time>\n\t\t\t\t\n\t\t<span class=\"screen-reader-text\">Tags <\/span><ul class=\"lqd-lp-cat reset-ul inline-ul pos-rel z-index-3 pt-2 pb-2\"><li><a href=\"https:\/\/americanfinancialgroup.desarrollo.olimpo.tech\/category\/uncategorized\/\" rel=\"category\">Uncategorized<\/a><\/li><\/ul>\n\t<\/div>\n\n<\/div>\n\n<header class=\"lqd-lp-header mb-2\">\n\t<h2 class=\"entry-title lqd-lp-title m-0 h5\"><a  href=\"https:\/\/americanfinancialgroup.desarrollo.olimpo.tech\/es\/american-capital-financial-presente-en-expocomer-2024\/\" rel=\"bookmark\">American Capital Financial presente en Expocomer 2024<\/a><\/h2><\/header>\n\n\t\t\t<div class=\"lqd-lp-excerpt\">\n\t\t\t\tEn la edici\u00f3n de este a\u00f1o de la feria Expocomer, celebrada en Panam\u00e1 en marzo,\t\t\t<\/div>\n\t\t\n<footer class=\"lqd-lp-footer pos-rel z-index-3 mt-3\">\n\t<a href=\"https:\/\/americanfinancialgroup.desarrollo.olimpo.tech\/es\/american-capital-financial-presente-en-expocomer-2024\/\" class=\"btn btn-naked btn-hover-swp\">\n\t\t<span class=\"btn-txt\">read more<\/span>\n\t\t<span class=\"btn-icon\">\n\t\t\t<svg xmlns=\"http:\/\/www.w3.org\/2000\/svg\" width=\"32\" height=\"32\" viewBox=\"0 0 32 32\" style=\"height: 1em;\"><path fill=\"currentColor\" d=\"M17.806 25.788l8.631-8.375c.375-.363.563-.857.563-1.4v-.025c0-.544-.188-1.038-.563-1.4l-8.63-8.375c-.75-.782-1.957-.782-2.7 0s-.745 2.043 0 2.825L20.293 14H6.919C5.856 14 5 14.894 5 16c0 1.125.856 2 1.912 2h13.375L15.1 22.963a2.067 2.067 0 0 0 0 2.824c.75.782 1.956.782 2.706 0z\"><\/path><\/svg>\n\t\t<\/span>\n\t\t<span class=\"btn-icon\">\n\t\t\t<svg xmlns=\"http:\/\/www.w3.org\/2000\/svg\" width=\"32\" height=\"32\" viewBox=\"0 0 32 32\" style=\"height: 1em;\"><path fill=\"currentColor\" d=\"M17.806 25.788l8.631-8.375c.375-.363.563-.857.563-1.4v-.025c0-.544-.188-1.038-.563-1.4l-8.63-8.375c-.75-.782-1.957-.782-2.7 0s-.745 2.043 0 2.825L20.293 14H6.919C5.856 14 5 14.894 5 16c0 1.125.856 2 1.912 2h13.375L15.1 22.963a2.067 2.067 0 0 0 0 2.824c.75.782 1.956.782 2.706 0z\"><\/path><\/svg>\n\t\t<\/span>\n\t<\/a>\n<\/footer>\n\n<a  href=\"https:\/\/americanfinancialgroup.desarrollo.olimpo.tech\/es\/american-capital-financial-presente-en-expocomer-2024\/\" class=\"lqd-lp-overlay-link lqd-overlay lqd-cc-label-trigger z-index-2\" tab-index=\"-1\"><\/a><\/article><\/div><div class=\"lqd-lp-column d-flex flex-column col-md-6 col-sm-6 uncategorized\"><article id=\"post-3140\" class=\"lqd-lp pos-rel lqd-lp lqd-lp-style-13 lqd-lp-title-highlight text-start post-3140 post type-post status-publish format-standard has-post-thumbnail hentry category-uncategorized\">\n\n<div class=\"lqd-lp-img pos-rel mb-4\">\n\n\t<figure class=\"pos-rel overflow-hidden\"><img loading=\"lazy\" decoding=\"async\" width=\"480\" height=\"300\" src=\"data:image\/svg+xml;charset=utf-8,%3Csvg xmlns%3D&#039;http%3A%2F%2Fwww.w3.org%2F2000%2Fsvg&#039; viewBox%3D&#039;0 0 480 300&#039;%2F%3E\" class=\"w-100 ld-lazyload wp-post-image\" alt=\"\" itemprop=\"image\" data-src=\"https:\/\/americanfinancialgroup.desarrollo.olimpo.tech\/wp-content\/uploads\/2025\/06\/11111111111111111111111-480x300.webp\" data-aspect=\"1.6\" \/><\/figure>\n\t<div class=\"lqd-lp-meta lqd-lp-meta-solid pos-abs pos-bl pos-b-l d-flex align-items-center p-0 no-padding\">\n\n\t\t<time class=\"lqd-lp-date pt-2 pb-2 ps-3 pe-3 px-3\" datetime=\"2025-06-07T20:08:43+00:00\">10 meses ago<\/time>\n\t\t\t\t\n\t\t<span class=\"screen-reader-text\">Tags <\/span><ul class=\"lqd-lp-cat reset-ul inline-ul pos-rel z-index-3 pt-2 pb-2\"><li><a href=\"https:\/\/americanfinancialgroup.desarrollo.olimpo.tech\/category\/uncategorized\/\" rel=\"category\">Uncategorized<\/a><\/li><\/ul>\n\t<\/div>\n\n<\/div>\n\n<header class=\"lqd-lp-header mb-2\">\n\t<h2 class=\"entry-title lqd-lp-title m-0 h5\"><a  href=\"https:\/\/americanfinancialgroup.desarrollo.olimpo.tech\/es\/el-consumo-de-frutas-y-verduras-liofilizadas-aumenta-en-europa\/\" rel=\"bookmark\">El consumo de frutas y verduras liofilizadas aumenta en Europa<\/a><\/h2><\/header>\n\n\t\t\t<div class=\"lqd-lp-excerpt\">\n\t\t\t\tLa liofilizaci\u00f3n es el proceso de deshidrataci\u00f3n utilizado para conservar alimentos y otros productos. Consiste\t\t\t<\/div>\n\t\t\n<footer class=\"lqd-lp-footer pos-rel z-index-3 mt-3\">\n\t<a href=\"https:\/\/americanfinancialgroup.desarrollo.olimpo.tech\/es\/el-consumo-de-frutas-y-verduras-liofilizadas-aumenta-en-europa\/\" class=\"btn btn-naked btn-hover-swp\">\n\t\t<span class=\"btn-txt\">read more<\/span>\n\t\t<span class=\"btn-icon\">\n\t\t\t<svg xmlns=\"http:\/\/www.w3.org\/2000\/svg\" width=\"32\" height=\"32\" viewBox=\"0 0 32 32\" style=\"height: 1em;\"><path fill=\"currentColor\" d=\"M17.806 25.788l8.631-8.375c.375-.363.563-.857.563-1.4v-.025c0-.544-.188-1.038-.563-1.4l-8.63-8.375c-.75-.782-1.957-.782-2.7 0s-.745 2.043 0 2.825L20.293 14H6.919C5.856 14 5 14.894 5 16c0 1.125.856 2 1.912 2h13.375L15.1 22.963a2.067 2.067 0 0 0 0 2.824c.75.782 1.956.782 2.706 0z\"><\/path><\/svg>\n\t\t<\/span>\n\t\t<span class=\"btn-icon\">\n\t\t\t<svg xmlns=\"http:\/\/www.w3.org\/2000\/svg\" width=\"32\" height=\"32\" viewBox=\"0 0 32 32\" style=\"height: 1em;\"><path fill=\"currentColor\" d=\"M17.806 25.788l8.631-8.375c.375-.363.563-.857.563-1.4v-.025c0-.544-.188-1.038-.563-1.4l-8.63-8.375c-.75-.782-1.957-.782-2.7 0s-.745 2.043 0 2.825L20.293 14H6.919C5.856 14 5 14.894 5 16c0 1.125.856 2 1.912 2h13.375L15.1 22.963a2.067 2.067 0 0 0 0 2.824c.75.782 1.956.782 2.706 0z\"><\/path><\/svg>\n\t\t<\/span>\n\t<\/a>\n<\/footer>\n\n<a  href=\"https:\/\/americanfinancialgroup.desarrollo.olimpo.tech\/es\/el-consumo-de-frutas-y-verduras-liofilizadas-aumenta-en-europa\/\" class=\"lqd-lp-overlay-link lqd-overlay lqd-cc-label-trigger z-index-2\" tab-index=\"-1\"><\/a><\/article><\/div><div class=\"lqd-lp-column d-flex flex-column col-md-6 col-sm-6 uncategorized\"><article id=\"post-3142\" class=\"lqd-lp pos-rel lqd-lp lqd-lp-style-13 lqd-lp-title-highlight text-start post-3142 post type-post status-publish format-standard has-post-thumbnail hentry category-uncategorized\">\n\n<div class=\"lqd-lp-img pos-rel mb-4\">\n\n\t<figure class=\"pos-rel overflow-hidden\"><img loading=\"lazy\" decoding=\"async\" width=\"480\" height=\"300\" src=\"data:image\/svg+xml;charset=utf-8,%3Csvg xmlns%3D&#039;http%3A%2F%2Fwww.w3.org%2F2000%2Fsvg&#039; viewBox%3D&#039;0 0 480 300&#039;%2F%3E\" class=\"w-100 ld-lazyload wp-post-image\" alt=\"\" itemprop=\"image\" data-src=\"https:\/\/americanfinancialgroup.desarrollo.olimpo.tech\/wp-content\/uploads\/2025\/06\/11112-480x300.jpg\" data-aspect=\"1.6\" \/><\/figure>\n\t<div class=\"lqd-lp-meta lqd-lp-meta-solid pos-abs pos-bl pos-b-l d-flex align-items-center p-0 no-padding\">\n\n\t\t<time class=\"lqd-lp-date pt-2 pb-2 ps-3 pe-3 px-3\" datetime=\"2025-06-07T20:07:40+00:00\">10 meses ago<\/time>\n\t\t\t\t\n\t\t<span class=\"screen-reader-text\">Tags <\/span><ul class=\"lqd-lp-cat reset-ul inline-ul pos-rel z-index-3 pt-2 pb-2\"><li><a href=\"https:\/\/americanfinancialgroup.desarrollo.olimpo.tech\/category\/uncategorized\/\" rel=\"category\">Uncategorized<\/a><\/li><\/ul>\n\t<\/div>\n\n<\/div>\n\n<header class=\"lqd-lp-header mb-2\">\n\t<h2 class=\"entry-title lqd-lp-title m-0 h5\"><a  href=\"https:\/\/americanfinancialgroup.desarrollo.olimpo.tech\/es\/la-pitahaya-ecuatoriana-camino-a-conquistar-el-mercado-asiatico\/\" rel=\"bookmark\">La pitahaya ecuatoriana camino a conquistar el mercado asi\u00e1tico<\/a><\/h2><\/header>\n\n\t\t\t<div class=\"lqd-lp-excerpt\">\n\t\t\t\tLa pitahaya, tambi\u00e9n conocida como fruta del drag\u00f3n, es una fruta tropical que se cultiva\t\t\t<\/div>\n\t\t\n<footer class=\"lqd-lp-footer pos-rel z-index-3 mt-3\">\n\t<a href=\"https:\/\/americanfinancialgroup.desarrollo.olimpo.tech\/es\/la-pitahaya-ecuatoriana-camino-a-conquistar-el-mercado-asiatico\/\" class=\"btn btn-naked btn-hover-swp\">\n\t\t<span class=\"btn-txt\">read more<\/span>\n\t\t<span class=\"btn-icon\">\n\t\t\t<svg xmlns=\"http:\/\/www.w3.org\/2000\/svg\" width=\"32\" height=\"32\" viewBox=\"0 0 32 32\" style=\"height: 1em;\"><path fill=\"currentColor\" d=\"M17.806 25.788l8.631-8.375c.375-.363.563-.857.563-1.4v-.025c0-.544-.188-1.038-.563-1.4l-8.63-8.375c-.75-.782-1.957-.782-2.7 0s-.745 2.043 0 2.825L20.293 14H6.919C5.856 14 5 14.894 5 16c0 1.125.856 2 1.912 2h13.375L15.1 22.963a2.067 2.067 0 0 0 0 2.824c.75.782 1.956.782 2.706 0z\"><\/path><\/svg>\n\t\t<\/span>\n\t\t<span class=\"btn-icon\">\n\t\t\t<svg xmlns=\"http:\/\/www.w3.org\/2000\/svg\" width=\"32\" height=\"32\" viewBox=\"0 0 32 32\" style=\"height: 1em;\"><path fill=\"currentColor\" d=\"M17.806 25.788l8.631-8.375c.375-.363.563-.857.563-1.4v-.025c0-.544-.188-1.038-.563-1.4l-8.63-8.375c-.75-.782-1.957-.782-2.7 0s-.745 2.043 0 2.825L20.293 14H6.919C5.856 14 5 14.894 5 16c0 1.125.856 2 1.912 2h13.375L15.1 22.963a2.067 2.067 0 0 0 0 2.824c.75.782 1.956.782 2.706 0z\"><\/path><\/svg>\n\t\t<\/span>\n\t<\/a>\n<\/footer>\n\n<a  href=\"https:\/\/americanfinancialgroup.desarrollo.olimpo.tech\/es\/la-pitahaya-ecuatoriana-camino-a-conquistar-el-mercado-asiatico\/\" class=\"lqd-lp-overlay-link lqd-overlay lqd-cc-label-trigger z-index-2\" tab-index=\"-1\"><\/a><\/article><\/div><\/div><!--\/ .row --><div class=\"liquid-pf-nav ld-pf-nav-ajax\"><div class=\"page-nav text-center\"><nav aria-label=\"Page navigation\"><a href=\"https:\/\/americanfinancialgroup.desarrollo.olimpo.tech\/es\/wp-json\/wp\/v2\/pages\/362\/page\/2\/?ajaxify=1\" rel=\"nofollow\" data-ajaxify=\"true\" data-ajaxify-options=\"{&quot;wrapper&quot;:&quot;.lqd-lp-grid.blog-id-171719486 &gt; .lqd-lp-row&quot;,&quot;items&quot;:&quot;&gt; .lqd-lp-column&quot;,&quot;trigger&quot;:&quot;click&quot;}\" class=\"elementor-button btn ws-nowrap ld-ajax-loadmore ws-nowrap \"><span class=\"static d-block\">Load more<\/span><span class=\"loading d-block pos-abs\"><span class=\"dots d-block\"><span class=\"d-inline-block\"><\/span><span class=\"d-inline-block\"><\/span><span class=\"d-inline-block\"><\/span><\/span><span class=\"d-block mt-1\">Loading<\/span><\/span><span class=\"all-loaded d-block pos-abs\">All items loaded <svg width=\"32\" height=\"29\" xmlns=\"http:\/\/www.w3.org\/2000\/svg\" viewBox=\"0 0 32 29\" style=\"width: 1.5em; height: 1.5em; margin-inline-start: 0.5em;\"><path fill=\"currentColor\" d=\"M25.74 6.23c0.38 0.34 0.42 0.9 0.09 1.28l-12.77 14.58a0.91 0.91 0 0 1-1.33 0.04l-5.46-5.46a0.91 0.91 0 1 1 1.29-1.29l4.77 4.78 12.12-13.85a0.91 0.91 0 0 1 1.29-0.08z\"><\/path><\/svg><\/span><\/a><\/nav><\/div><\/div><\/div><!--\/ .lqd-lp-grid -->\t\t\t\t<\/div>\n\t\t\t\t<\/div>\n\t\t\t\t\t<\/div>\n\t\t<\/div>\n\t\t\t\t\t<\/div>\n\t\t<\/section>\n\t\t\t\t<\/div>\n\t\t","protected":false},"excerpt":{"rendered":"<p>Su alternativa a las soluciones bancarias 4 years ago Tags Uncategorized Festival, music, and incredible<\/p>\n","protected":false},"author":1,"featured_media":0,"parent":0,"menu_order":0,"comment_status":"closed","ping_status":"closed","template":"","meta":{"footnotes":""},"class_list":["post-362","page","type-page","status-publish","hentry"],"_links":{"self":[{"href":"https:\/\/americanfinancialgroup.desarrollo.olimpo.tech\/es\/wp-json\/wp\/v2\/pages\/362","targetHints":{"allow":["GET"]}}],"collection":[{"href":"https:\/\/americanfinancialgroup.desarrollo.olimpo.tech\/es\/wp-json\/wp\/v2\/pages"}],"about":[{"href":"https:\/\/americanfinancialgroup.desarrollo.olimpo.tech\/es\/wp-json\/wp\/v2\/types\/page"}],"author":[{"embeddable":true,"href":"https:\/\/americanfinancialgroup.desarrollo.olimpo.tech\/es\/wp-json\/wp\/v2\/users\/1"}],"replies":[{"embeddable":true,"href":"https:\/\/americanfinancialgroup.desarrollo.olimpo.tech\/es\/wp-json\/wp\/v2\/comments?post=362"}],"version-history":[{"count":9,"href":"https:\/\/americanfinancialgroup.desarrollo.olimpo.tech\/es\/wp-json\/wp\/v2\/pages\/362\/revisions"}],"predecessor-version":[{"id":3079,"href":"https:\/\/americanfinancialgroup.desarrollo.olimpo.tech\/es\/wp-json\/wp\/v2\/pages\/362\/revisions\/3079"}],"wp:attachment":[{"href":"https:\/\/americanfinancialgroup.desarrollo.olimpo.tech\/es\/wp-json\/wp\/v2\/media?parent=362"}],"curies":[{"name":"wp","href":"https:\/\/api.w.org\/{rel}","templated":true}]}}